{"id":4267,"date":"2024-11-19T10:42:09","date_gmt":"2024-11-19T03:42:09","guid":{"rendered":"https:\/\/benhvienmatquangduc.vn\/?page_id=4267"},"modified":"2025-09-17T10:14:59","modified_gmt":"2025-09-17T03:14:59","slug":"ve-chung-toi","status":"publish","type":"page","link":"https:\/\/benhvienmatquangduc.vn\/?page_id=4267","title":{"rendered":"V\u1ec1 ch\u00fang t\u00f4i"},"content":{"rendered":"\t<section class=\"section dark\" id=\"section_641923359\">\n\t\t<div class=\"bg section-bg fill bg-fill  bg-loaded\" >\n\n\t\t\t\n\t\t\t\n\t\t\t\n\n\t\t<\/div>\n\n\t\t\n\n\t\t<div class=\"section-content relative\">\n\t\t\t\n<div class=\"row\"  id=\"row-900951086\">\n\n\t<div id=\"col-1403322760\" class=\"col small-12 large-12\"  >\n\t\t\t\t<div class=\"col-inner\"  >\n\t\t\t\n\t\t\t\n<div class=\"row align-bottom\"  id=\"row-626836093\">\n\n\t<div id=\"col-456758154\" class=\"col medium-7 small-12 large-7\"  >\n\t\t\t\t<div class=\"col-inner\"  >\n\t\t\t\n\t\t\t\n\t<div id=\"text-3560611266\" class=\"text\">\n\t\t\n<h1>B\u1ec7nh vi\u1ec7n m\u1eaft <br \/>\nQuang \u0110\u1ee9c<\/h1>\n\t\t\n<style>\n#text-3560611266 {\n  font-size: 3.25rem;\n}\n<\/style>\n\t<\/div>\n\t\n\t\t<\/div>\n\t\t\t\t\t<\/div>\n\n\t\n\n\t<div id=\"col-1377849033\" class=\"col medium-5 small-12 large-5\"  >\n\t\t\t\t<div class=\"col-inner\"  >\n\t\t\t\n\t<div class=\"is-border\"\n\t\tstyle=\"border-width:0px 0px 0px 3px;\">\n\t<\/div>\n\t\t\t\n<h4>Ch\u0103m s\u00f3c \u0111\u00f4i m\u1eaft b\u1ea1n s\u00e1ng kh\u1ecfe v\u00e0 tinh anh <\/h4>\n\t\t<\/div>\n\t\t\t\t\n<style>\n#col-1377849033 > .col-inner {\n  padding: 0px 85px 0px 85px;\n  margin: 0px 0px 65px 0px;\n}\n<\/style>\n\t<\/div>\n\n\t\n\n\t<div id=\"col-882003816\" class=\"col medium-12 small-12 large-9\"  >\n\t\t\t\t<div class=\"col-inner\"  >\n\t\t\t\n\t\t\t\n\t<div id=\"gap-1737271142\" class=\"gap-element clearfix\" style=\"display:block; height:auto;\">\n\t\t\n<style>\n#gap-1737271142 {\n  padding-top: 50px;\n}\n<\/style>\n\t<\/div>\n\t\n\t<div class=\"img has-hover x md-x lg-x y md-y lg-y\" id=\"image_1217724027\">\n\t\t\t\t\t\t\t\t<div class=\"img-inner dark\" >\n\t\t\t<img loading=\"lazy\" decoding=\"async\" width=\"1020\" height=\"721\" src=\"https:\/\/benhvienmatquangduc.vn\/wp-content\/uploads\/2018\/08\/DSC_7902.jpg\" class=\"attachment-large size-large\" alt=\"\" \/>\t\t\t\t\t\t\n\t\t\t\t\t<\/div>\n\t\t\t\t\t\t\t\t\n<style>\n#image_1217724027 {\n  width: 100%;\n}\n<\/style>\n\t<\/div>\n\t\n\t\t<\/div>\n\t\t\t\t\t<\/div>\n\n\t\n<\/div>\n\t\t<\/div>\n\t\t\t\t\n<style>\n#col-1403322760 > .col-inner {\n  margin: 0px 0px -225px 0px;\n}\n<\/style>\n\t<\/div>\n\n\t\n<\/div>\n\t\t<\/div>\n\n\t\t\n<style>\n#section_641923359 {\n  padding-top: 80px;\n  padding-bottom: 80px;\n  background-color: #6da0ed;\n}\n<\/style>\n\t<\/section>\n\t\n\t<section class=\"section\" id=\"section_1551089194\">\n\t\t<div class=\"bg section-bg fill bg-fill  bg-loaded\" >\n\n\t\t\t\n\t\t\t\n\t\t\t\n\n\t\t<\/div>\n\n\t\t\n\n\t\t<div class=\"section-content relative\">\n\t\t\t\n<div class=\"row\"  id=\"row-2053569295\">\n\n\t<div id=\"col-524855310\" class=\"col medium-11 small-12 large-5\"  >\n\t\t\t\t<div class=\"col-inner\" style=\"background-color:#babec0;\" >\n\t\t\t\n\t\t\t\n\t<div id=\"text-2209208093\" class=\"text\">\n\t\t\n<h3>V\u1ec1 ch\u00fang t\u00f4i<\/h3>\n\t\t\n<style>\n#text-2209208093 {\n  font-size: 1.5rem;\n}\n<\/style>\n\t<\/div>\n\t\n<p>B\u1ec7nh vi\u1ec7n M\u1eaft Quang \u0110\u1ee9c ch\u00ednh th\u1ee9c ho\u1ea1t \u0111\u1ed9ng v\u00e0o th\u00e1ng 7\/2016. \u0110\u00e2y l\u00e0 b\u1ec7nh vi\u1ec7n chuy\u00ean khoa m\u1eaft \u0111\u1ea7u ti\u00ean \u1edf \u0110\u1ed3ng Th\u00e1p v\u00e0 \u0111\u1ed3ng b\u1eb1ng s\u00f4ng C\u1eedu Long. B\u1ec7nh vi\u1ec7n M\u1eaft Quang \u0110\u1ee9c c\u00f2n s\u1edf h\u1eefu m\u1ed9t \u0111\u1ed9i ng\u0169 y b\u00e1c s\u0129 gi\u00e0u kinh nghi\u1ec7m, gi\u1ecfi chuy\u00ean m\u00f4n v\u00e0 nhi\u1ec7t t\u00ecnh khi th\u0103m kh\u00e1m ch\u1eefa b\u1ec7nh cho b\u1ec7nh nh\u00e2n. Nh\u1edd \u0111\u00f3, b\u1ec7nh vi\u1ec7n \u0111\u01b0\u1ee3c nhi\u1ec1u ng\u01b0\u1eddi \u0111\u00e1nh gi\u00e1 r\u1ea5t t\u00edch c\u1ef1c.<\/p>\n\t\t<\/div>\n\t\t\t\t\n<style>\n#col-524855310 > .col-inner {\n  padding: 45px 45px 45px 45px;\n  margin: - 0px 0px 0px;\n}\n@media (min-width:550px) {\n  #col-524855310 > .col-inner {\n    margin: -100px 0px 0px 0px;\n  }\n}\n@media (min-width:850px) {\n  #col-524855310 > .col-inner {\n    margin: -200px 0px 0px 0px;\n  }\n}\n<\/style>\n\t<\/div>\n\n\t\n<\/div>\n\t<div id=\"gap-2112217178\" class=\"gap-element clearfix\" style=\"display:block; height:auto;\">\n\t\t\n<style>\n#gap-2112217178 {\n  padding-top: 50px;\n}\n@media (min-width:850px) {\n  #gap-2112217178 {\n    padding-top: 90px;\n  }\n}\n<\/style>\n\t<\/div>\n\t\n<div class=\"row align-middle\"  id=\"row-1680927806\">\n\n\t<div id=\"col-1470180895\" class=\"col medium-7 small-12 large-3\"  >\n\t\t\t\t<div class=\"col-inner text-left\"  >\n\t\t\t\n\t\t\t\n\n\t\t<div class=\"icon-box featured-box icon-box-left text-left\"  >\n\t\t\t\t\t<div class=\"icon-box-img\" style=\"width: 30px\">\n\t\t\t\t<div class=\"icon\">\n\t\t\t\t\t<div class=\"icon-inner\" >\n\t\t\t\t\t\t<img loading=\"lazy\" decoding=\"async\" width=\"120\" height=\"120\" src=\"https:\/\/benhvienmatquangduc.vn\/wp-content\/uploads\/2025\/05\/checkbox-circle-fill-2.png\" class=\"attachment-medium size-medium\" alt=\"\" \/>\t\t\t\t\t<\/div>\n\t\t\t\t<\/div>\n\t\t\t<\/div>\n\t\t\t\t<div class=\"icon-box-text last-reset\">\n\t\t\t\t\t\t\t\t\t\n\t<div id=\"gap-442694492\" class=\"gap-element clearfix\" style=\"display:block; height:auto;\">\n\t\t\n<style>\n#gap-442694492 {\n  padding-top: 5px;\n}\n<\/style>\n\t<\/div>\n\t\n\t<div id=\"text-2187854213\" class=\"text\">\n\t\t\n<h6>C\u00d4NG NGH\u1ec6 HI\u1ec6N \u0110\u1ea0I<\/h6>\n\t\t\n<style>\n#text-2187854213 {\n  font-size: 1.25rem;\n}\n<\/style>\n\t<\/div>\n\t\n\t\t<\/div>\n\t<\/div>\n\t\n\t\n\t<div id=\"gap-1062224531\" class=\"gap-element clearfix\" style=\"display:block; height:auto;\">\n\t\t\n<style>\n#gap-1062224531 {\n  padding-top: 15px;\n}\n<\/style>\n\t<\/div>\n\t\n<p>H\u1ec7 th\u1ed1ng trang thi\u1ebft b\u1ecb y t\u1ebf hi\u1ec7n \u0111\u1ea1i b\u1eadc nh\u1ea5t \u0111\u01b0\u1ee3c nh\u1eadp kh\u1ea9u t\u1eeb c\u00e1c n\u01b0\u1edbc Anh, M\u1ef9, \u0110\u1ee9c<\/p>\n\t\t<\/div>\n\t\t\t\t\t<\/div>\n\n\t\n\n\t<div id=\"col-2124311555\" class=\"col medium-8 small-12 large-1\"  >\n\t\t\t\t<div class=\"col-inner\"  >\n\t\t\t\n\t\t\t\n<div class=\"text-center\"><div class=\"is-divider divider clearfix\" style=\"max-width:60%;height:2px;background-color:rgb(41, 56, 71);\"><\/div><\/div>\n\t\t<\/div>\n\t\t\t\t\t<\/div>\n\n\t\n\n\t<div id=\"col-1650912258\" class=\"col medium-7 small-12 large-3\"  >\n\t\t\t\t<div class=\"col-inner\"  >\n\t\t\t\n\t\t\t\n\n\t\t<div class=\"icon-box featured-box icon-box-left text-left\"  >\n\t\t\t\t\t<div class=\"icon-box-img\" style=\"width: 30px\">\n\t\t\t\t<div class=\"icon\">\n\t\t\t\t\t<div class=\"icon-inner\" >\n\t\t\t\t\t\t<img loading=\"lazy\" decoding=\"async\" width=\"120\" height=\"120\" src=\"https:\/\/benhvienmatquangduc.vn\/wp-content\/uploads\/2025\/05\/checkbox-circle-fill-2.png\" class=\"attachment-medium size-medium\" alt=\"\" \/>\t\t\t\t\t<\/div>\n\t\t\t\t<\/div>\n\t\t\t<\/div>\n\t\t\t\t<div class=\"icon-box-text last-reset\">\n\t\t\t\t\t\t\t\t\t\n\t<div id=\"gap-421074449\" class=\"gap-element clearfix\" style=\"display:block; height:auto;\">\n\t\t\n<style>\n#gap-421074449 {\n  padding-top: 5px;\n}\n<\/style>\n\t<\/div>\n\t\n\t<div id=\"text-697258942\" class=\"text\">\n\t\t\n<h6>B\u00c1C S\u0128 KINH NGHI\u1ec6M<\/h6>\n\t\t\n<style>\n#text-697258942 {\n  font-size: 1.25rem;\n}\n<\/style>\n\t<\/div>\n\t\n\t\t<\/div>\n\t<\/div>\n\t\n\t\n\t<div id=\"gap-1815949249\" class=\"gap-element clearfix\" style=\"display:block; height:auto;\">\n\t\t\n<style>\n#gap-1815949249 {\n  padding-top: 15px;\n}\n<\/style>\n\t<\/div>\n\t\n<p>\u0110\u1ed9i ng\u0169 b\u00e1c s\u0129 l\u00e0 c\u00e1c chuy\u00ean gia nh\u00e3n khoa v\u1edbi n\u1ec1n t\u1ea3ng chuy\u00ean m\u00f4n v\u1eefng ch\u1eafc, gi\u00e0u kinh nghi\u1ec7m v\u00e0 y \u0111\u1ee9c.<\/p>\n\t\t<\/div>\n\t\t\t\t\t<\/div>\n\n\t\n\n\t<div id=\"col-2092279537\" class=\"col medium-8 small-12 large-1\"  >\n\t\t\t\t<div class=\"col-inner\"  >\n\t\t\t\n\t\t\t\n<div class=\"text-center\"><div class=\"is-divider divider clearfix\" style=\"max-width:60%;height:2px;background-color:rgb(41, 56, 71);\"><\/div><\/div>\n\t\t<\/div>\n\t\t\t\t\t<\/div>\n\n\t\n\n\t<div id=\"col-1581774235\" class=\"col medium-7 small-12 large-3\"  >\n\t\t\t\t<div class=\"col-inner\"  >\n\t\t\t\n\t\t\t\n\n\t\t<div class=\"icon-box featured-box icon-box-left text-left\"  >\n\t\t\t\t\t<div class=\"icon-box-img\" style=\"width: 30px\">\n\t\t\t\t<div class=\"icon\">\n\t\t\t\t\t<div class=\"icon-inner\" >\n\t\t\t\t\t\t<img loading=\"lazy\" decoding=\"async\" width=\"120\" height=\"120\" src=\"https:\/\/benhvienmatquangduc.vn\/wp-content\/uploads\/2025\/05\/checkbox-circle-fill-2.png\" class=\"attachment-medium size-medium\" alt=\"\" \/>\t\t\t\t\t<\/div>\n\t\t\t\t<\/div>\n\t\t\t<\/div>\n\t\t\t\t<div class=\"icon-box-text last-reset\">\n\t\t\t\t\t\t\t\t\t\n\t<div id=\"gap-1854946746\" class=\"gap-element clearfix\" style=\"display:block; height:auto;\">\n\t\t\n<style>\n#gap-1854946746 {\n  padding-top: 5px;\n}\n<\/style>\n\t<\/div>\n\t\n\t<div id=\"text-1362231795\" class=\"text\">\n\t\t\n<h6>CHI PH\u00cd H\u1ee2P L\u00dd<\/h6>\n\t\t\n<style>\n#text-1362231795 {\n  font-size: 1.25rem;\n}\n<\/style>\n\t<\/div>\n\t\n\t\t<\/div>\n\t<\/div>\n\t\n\t\n\t<div id=\"gap-1969917672\" class=\"gap-element clearfix\" style=\"display:block; height:auto;\">\n\t\t\n<style>\n#gap-1969917672 {\n  padding-top: 15px;\n}\n<\/style>\n\t<\/div>\n\t\n<p>Chi ph\u00ed kh\u00e1m v\u00e0 \u0111i\u1ec1u tr\u1ecb, ph\u1eabu thu\u1eadt minh b\u1ea1ch, r\u00f5 r\u00e0ng c\u00f9ng nhi\u1ec1u \u01b0u \u0111\u00e3i h\u1ed7 tr\u1ee3 h\u1ea5p d\u1eabn.<\/p>\n\t\t<\/div>\n\t\t\t\t\t<\/div>\n\n\t\n<\/div>\n\t\t<\/div>\n\n\t\t\n<style>\n#section_1551089194 {\n  padding-top: 30px;\n  padding-bottom: 30px;\n}\n<\/style>\n\t<\/section>\n\t\n\t<section class=\"section\" id=\"section_1421724351\">\n\t\t<div class=\"bg section-bg fill bg-fill  bg-loaded\" >\n\n\t\t\t\n\t\t\t\n\t\t\t\n\n\t\t<\/div>\n\n\t\t\n\n\t\t<div class=\"section-content relative\">\n\t\t\t\n\t<div id=\"gap-2086236416\" class=\"gap-element clearfix\" style=\"display:block; height:auto;\">\n\t\t\n<style>\n#gap-2086236416 {\n  padding-top: 0px;\n}\n@media (min-width:850px) {\n  #gap-2086236416 {\n    padding-top: 65px;\n  }\n}\n<\/style>\n\t<\/div>\n\t\n<div class=\"row row-large\"  id=\"row-1653688023\">\n\n\t<div id=\"col-1878132431\" class=\"col medium-12 small-12 large-5\"  >\n\t\t\t\t<div class=\"col-inner\"  >\n\t\t\t\n\t\t\t\n\t<div id=\"gap-948801311\" class=\"gap-element clearfix\" style=\"display:block; height:auto;\">\n\t\t\n<style>\n#gap-948801311 {\n  padding-top: 30px;\n}\n<\/style>\n\t<\/div>\n\t\n\t<div id=\"text-2150143488\" class=\"text\">\n\t\t\n<h3>V\u00ec sao b\u1ea1n n\u00ean l\u1ef1a ch\u1ecdn kh\u00e1m b\u1ec7nh v\u00e0 \u0111i\u1ec1u tr\u1ecb t\u1ea1i \u0111\u00e2y ?<\/h3>\n\t\t\n<style>\n#text-2150143488 {\n  font-size: 1.5rem;\n}\n<\/style>\n\t<\/div>\n\t\n<p>Ch\u00fang t\u00f4i lu\u00f4n \u0111\u1eb7t s\u1ef1 h\u00e0i l\u00f2ng v\u00e0 s\u1ee9c kh\u1ecfe c\u1ee7a b\u1ec7nh nh\u00e2n l\u00ean h\u00e0ng \u0111\u1ea7u. M\u1ecdi quy tr\u00ecnh kh\u00e1m v\u00e0 \u0111i\u1ec1u tr\u1ecb \u0111\u1ec1u \u0111\u01b0\u1ee3c thi\u1ebft k\u1ebf linh ho\u1ea1t, gi\u00fap b\u1ec7nh nh\u00e2n c\u1ea3m th\u1ea5y tho\u1ea3i m\u00e1i, gi\u1ea3m b\u1edbt c\u0103ng th\u1eb3ng khi \u0111i\u1ec1u tr\u1ecb.<\/p>\n<a class=\"button secondary is-link\"  >\n    <span>\u0110\u1eb7t l\u1ecbch kh\u00e1m t\u1ea1i \u0111\u00e2y<\/span>\n  <i class=\"icon-angle-right\" aria-hidden=\"true\" ><\/i><\/a>\n\n\t\t<\/div>\n\t\t\t\t\n<style>\n#col-1878132431 > .col-inner {\n  padding: 0px 0px 0px 0px;\n}\n@media (min-width:550px) {\n  #col-1878132431 > .col-inner {\n    padding: 0px 0px 0px 0px;\n  }\n}\n<\/style>\n\t<\/div>\n\n\t\n\n\t<div id=\"col-2145717570\" class=\"col medium-12 small-12 large-7 medium-col-first\"  >\n\t\t\t\t<div class=\"col-inner\"  >\n\t\t\t\n\t\t\t\n\t<div class=\"img has-hover x md-x lg-x y md-y lg-y\" id=\"image_878779821\">\n\t\t\t\t\t\t\t\t<div class=\"img-inner image-cover dark\" style=\"padding-top:400px;\">\n\t\t\t<img loading=\"lazy\" decoding=\"async\" width=\"1020\" height=\"633\" src=\"https:\/\/benhvienmatquangduc.vn\/wp-content\/uploads\/2021\/03\/81dd1e717ab689e8d0a7.jpg\" class=\"attachment-large size-large\" alt=\"\" \/>\t\t\t\t\t\t\n\t\t\t\t\t<\/div>\n\t\t\t\t\t\t\t\t\n<style>\n#image_878779821 {\n  width: 100%;\n}\n<\/style>\n\t<\/div>\n\t\n\t\t<\/div>\n\t\t\t\t\t<\/div>\n\n\t\n<\/div>\n\t\t<\/div>\n\n\t\t\n<style>\n#section_1421724351 {\n  padding-top: 30px;\n  padding-bottom: 30px;\n}\n<\/style>\n\t<\/section>\n\t\n","protected":false},"excerpt":{"rendered":"","protected":false},"author":8,"featured_media":0,"parent":0,"menu_order":0,"comment_status":"closed","ping_status":"closed","template":"","meta":{"footnotes":""},"_links":{"self":[{"href":"https:\/\/benhvienmatquangduc.vn\/index.php?rest_route=\/wp\/v2\/pages\/4267"}],"collection":[{"href":"https:\/\/benhvienmatquangduc.vn\/index.php?rest_route=\/wp\/v2\/pages"}],"about":[{"href":"https:\/\/benhvienmatquangduc.vn\/index.php?rest_route=\/wp\/v2\/types\/page"}],"author":[{"embeddable":true,"href":"https:\/\/benhvienmatquangduc.vn\/index.php?rest_route=\/wp\/v2\/users\/8"}],"replies":[{"embeddable":true,"href":"https:\/\/benhvienmatquangduc.vn\/index.php?rest_route=%2Fwp%2Fv2%2Fcomments&post=4267"}],"version-history":[{"count":7,"href":"https:\/\/benhvienmatquangduc.vn\/index.php?rest_route=\/wp\/v2\/pages\/4267\/revisions"}],"predecessor-version":[{"id":5074,"href":"https:\/\/benhvienmatquangduc.vn\/index.php?rest_route=\/wp\/v2\/pages\/4267\/revisions\/5074"}],"wp:attachment":[{"href":"https:\/\/benhvienmatquangduc.vn\/index.php?rest_route=%2Fwp%2Fv2%2Fmedia&parent=4267"}],"curies":[{"name":"wp","href":"https:\/\/api.w.org\/{rel}","templated":true}]}}