{"id":543,"date":"2019-12-02T15:43:53","date_gmt":"2019-12-02T08:43:53","guid":{"rendered":"http:\/\/webtest.benhvienmatquangduc.vn\/?page_id=543"},"modified":"2024-12-27T15:48:38","modified_gmt":"2024-12-27T08:48:38","slug":"gioi-thieu-2","status":"publish","type":"page","link":"https:\/\/benhvienmatquangduc.vn\/?page_id=543","title":{"rendered":"GI\u1edaI THI\u1ec6U"},"content":{"rendered":"<p>&nbsp;<\/p>\n<p>&nbsp;<\/p>\n<p>&nbsp;<\/p>\n<hr \/>\n<p><span style=\"color: #000000; font-size: 75%;\"><strong>Th\u00f4ng tin chung:<\/strong><\/span><\/p>\n<p class=\"mantine-Text-root mantine-Text-root hospital-see-more mantine-l70aaa\"><span style=\"color: #000000; font-size: 75%;\">B\u1ec7nh vi\u1ec7n M\u1eaft Quang \u0110\u1ee9c ch\u00ednh th\u1ee9c ho\u1ea1t \u0111\u1ed9ng v\u00e0o th\u00e1ng 7\/2016. \u0110\u00e2y l\u00e0 b\u1ec7nh vi\u1ec7n chuy\u00ean khoa m\u1eaft \u0111\u1ea7u ti\u00ean \u1edf \u0110\u1ed3ng Th\u00e1p v\u00e0 \u0111\u1ed3ng b\u1eb1ng s\u00f4ng C\u1eedu Long. B\u1ec7nh vi\u1ec7n chuy\u00ean kh\u00e1m v\u00e0 \u0111i\u1ec1u tr\u1ecb c\u00e1c b\u1ec7nh l\u00fd v\u1ec1 m\u1eaft nh\u01b0: c\u1eadn, lo\u1ea1n, vi\u1ec5n th\u1ecb, Glaucome (c\u01b0\u1eddm n\u01b0\u1edbc), \u0111\u1ee5c thu\u1ef7 tinh th\u1ec3 (c\u01b0\u1eddm kh\u00f4), m\u1ed9ng th\u1ecbt, qu\u1eb7m mi m\u1eaft,\u2026 b\u1eb1ng ph\u01b0\u01a1ng ph\u00e1p m\u1edbi, hi\u1ec7n \u0111\u1ea1i. Ngo\u00e0i ra, b\u1ec7nh vi\u1ec7n M\u1eaft Quang \u0110\u1ee9c c\u00f2n s\u1edf h\u1eefu m\u1ed9t \u0111\u1ed9i ng\u0169 y b\u00e1c s\u0129 gi\u00e0u kinh nghi\u1ec7m, gi\u1ecfi chuy\u00ean m\u00f4n v\u00e0 nhi\u1ec7t t\u00ecnh khi th\u0103m kh\u00e1m ch\u1eefa b\u1ec7nh cho b\u1ec7nh nh\u00e2n. Nh\u1edd \u0111\u00f3, b\u1ec7nh vi\u1ec7n \u0111\u01b0\u1ee3c nhi\u1ec1u ng\u01b0\u1eddi \u0111\u00e1nh gi\u00e1 r\u1ea5t t\u00edch c\u1ef1c.<\/span><\/p>\n<p class=\"mantine-Text-root mantine-Text-root hospital-see-more mantine-l70aaa\"><span style=\"color: #000000; font-size: 75%;\">B\u1ec7nh vi\u1ec7n M\u1eaft Quang \u0110\u1ee9c c\u00f2n trang b\u1ecb m\u00e1y m\u00f3c hi\u1ec7n \u0111\u1ea1i, t\u1ed1i t\u00e2n \u0111\u01b0\u1ee3c nh\u1eadp kh\u1ea9u t\u1eeb Ch\u00e2u \u00c2u v\u00e0 Nh\u1eadt B\u1ea3n. Nh\u1edd \u0111\u00f3, vi\u1ec7c ch\u1ea9n \u0111o\u00e1n v\u00e0 \u0111i\u1ec1u tr\u1ecb b\u1ec7nh c\u1ee7a c\u00e1c b\u00e1c s\u0129 lu\u00f4n \u0111\u1ea1t hi\u1ec7u qu\u1ea3 cao nh\u1ea5t.<\/span><\/p>\n<p><span style=\"color: #000000; font-size: 75%;\"><strong>Chuy\u00ean khoa:<\/strong><\/span><\/p>\n<ul>\n<li><span style=\"color: #000000; font-size: 75%;\">Nh\u00e3n khoa<\/span><\/li>\n<li><span style=\"color: #000000; font-size: 75%;\">Kh\u00fac x\u1ea1 nh\u00e3n khoa<\/span><\/li>\n<\/ul>\n<p><span style=\"color: #000000; font-size: 75%;\"><strong>C\u01a1 s\u1edf v\u1eadt ch\u1ea5t:<\/strong><\/span><\/p>\n<ul>\n<li><span style=\"color: #000000; font-size: 75%;\">Ph\u00f2ng x\u00e9t nghi\u1ec7m<\/span><\/li>\n<li><span style=\"color: #000000; font-size: 75%;\">Ph\u00f2ng ti\u1ec3u ph\u1eabu<\/span><\/li>\n<li><span style=\"color: #000000; font-size: 75%;\">Si\u00eau \u00e2m<\/span><\/li>\n<li><span style=\"color: #000000; font-size: 75%;\">Ph\u00f2ng kh\u00e1m chuy\u00ean khoa<\/span><\/li>\n<li><span style=\"color: #000000; font-size: 75%;\">Nh\u00e0 thu\u1ed1c<\/span><\/li>\n<\/ul>\n<p>&nbsp;<\/p>\n<p>&nbsp;<\/p>\n","protected":false},"excerpt":{"rendered":"<p>&nbsp; &nbsp; &nbsp; Th\u00f4ng tin chung: B\u1ec7nh vi\u1ec7n M\u1eaft Quang \u0110\u1ee9c ch\u00ednh th\u1ee9c ho\u1ea1t \u0111\u1ed9ng v\u00e0o th\u00e1ng 7\/2016. \u0110\u00e2y l\u00e0 b\u1ec7nh vi\u1ec7n chuy\u00ean khoa m\u1eaft \u0111\u1ea7u ti\u00ean \u1edf \u0110\u1ed3ng Th\u00e1p v\u00e0 \u0111\u1ed3ng b\u1eb1ng s\u00f4ng C\u1eedu Long. B\u1ec7nh vi\u1ec7n chuy\u00ean kh\u00e1m v\u00e0 \u0111i\u1ec1u tr\u1ecb c\u00e1c b\u1ec7nh l\u00fd v\u1ec1 m\u1eaft nh\u01b0: c\u1eadn, lo\u1ea1n, vi\u1ec5n th\u1ecb, Glaucome (c\u01b0\u1eddm [&#8230;]\n","protected":false},"author":1,"featured_media":0,"parent":0,"menu_order":0,"comment_status":"closed","ping_status":"closed","template":"","meta":{"footnotes":""},"_links":{"self":[{"href":"https:\/\/benhvienmatquangduc.vn\/index.php?rest_route=\/wp\/v2\/pages\/543"}],"collection":[{"href":"https:\/\/benhvienmatquangduc.vn\/index.php?rest_route=\/wp\/v2\/pages"}],"about":[{"href":"https:\/\/benhvienmatquangduc.vn\/index.php?rest_route=\/wp\/v2\/types\/page"}],"author":[{"embeddable":true,"href":"https:\/\/benhvienmatquangduc.vn\/index.php?rest_route=\/wp\/v2\/users\/1"}],"replies":[{"embeddable":true,"href":"https:\/\/benhvienmatquangduc.vn\/index.php?rest_route=%2Fwp%2Fv2%2Fcomments&post=543"}],"version-history":[{"count":62,"href":"https:\/\/benhvienmatquangduc.vn\/index.php?rest_route=\/wp\/v2\/pages\/543\/revisions"}],"predecessor-version":[{"id":4812,"href":"https:\/\/benhvienmatquangduc.vn\/index.php?rest_route=\/wp\/v2\/pages\/543\/revisions\/4812"}],"wp:attachment":[{"href":"https:\/\/benhvienmatquangduc.vn\/index.php?rest_route=%2Fwp%2Fv2%2Fmedia&parent=543"}],"curies":[{"name":"wp","href":"https:\/\/api.w.org\/{rel}","templated":true}]}}